{"id":16555,"date":"2024-03-18T13:13:49","date_gmt":"2024-03-18T13:13:49","guid":{"rendered":"https:\/\/www.taxi-charleroi-airport.com\/?page_id=16555"},"modified":"2024-03-18T13:17:09","modified_gmt":"2024-03-18T13:17:09","slug":"terms-conditions","status":"publish","type":"page","link":"https:\/\/www.taxi-charleroi-airport.com\/es\/condiciones\/","title":{"rendered":"Condiciones generales"},"content":{"rendered":"<div      class=\"vc_row wpb_row section vc_row-fluid  grid_section\" style=' text-align:left;'><div class=\"section_inner clearfix\"><div class='section_inner_margin clearfix'><div class=\"wpb_column vc_column_container vc_col-sm-6\"><div class=\"vc_column-inner\"><div class=\"wpb_wrapper\">\t<div class=\"vc_empty_space\"  style=\"height: 32px\" ><span\n\t\t\tclass=\"vc_empty_space_inner\">\n\t\t\t<span class=\"empty_space_image\"  ><\/span>\n\t\t<\/span><\/div>\n\n\n\t<div class=\"wpb_text_column wpb_content_element\">\n\t\t<div class=\"wpb_wrapper\">\n\t\t\t<p style=\"text-align: center;\">Complete su destino en el siguiente formulario para obtener un presupuesto. Si le conviene, puede confirmar la reserva.<\/p>\n<p><iframe loading=\"lazy\" src=\"https:\/\/app.farebookings.com\/step1ssl.php?k=73b562994cdd22a99d3afbdd544e6298&amp;s=f&amp;d=pp&amp;lng=gb\" width=\"100%\" height=\"1500px\" frameborder=\"0\" scrolling=\"no\"><\/iframe><\/p>\n\n\t\t<\/div> \n\t<\/div> <\/div><\/div><\/div><div class=\"wpb_column vc_column_container vc_col-sm-6\"><div class=\"vc_column-inner\"><div class=\"wpb_wrapper\">\t<div class=\"vc_empty_space\"  style=\"height: 32px\" ><span\n\t\t\tclass=\"vc_empty_space_inner\">\n\t\t\t<span class=\"empty_space_image\"  ><\/span>\n\t\t<\/span><\/div>\n\n\n\t<div class=\"wpb_text_column wpb_content_element\">\n\t\t<div class=\"wpb_wrapper\">\n\t\t\t<div>\n<div>Las presentes Condiciones Generales (\"Condiciones Generales\") regulan el uso del sitio web taxi-charleroi-airport.com (\"Sitio Web\"). Al acceder o utilizar el Sitio Web, usted acepta quedar vinculado por el presente Acuerdo. Si no est\u00e1 de acuerdo con este Acuerdo, no podr\u00e1 acceder ni utilizar el Sitio Web.<\/div>\n<div><\/div>\n<div><strong>Servicios<\/strong><\/div>\n<div>Prestamos servicios de reserva de taxis a trav\u00e9s de nuestro sitio web. Puede utilizar nuestros servicios para reservar un taxi para usted o para otra persona.<\/div>\n<div><\/div>\n<div><strong>Cuenta de usuario<\/strong><\/div>\n<div>Para utilizar nuestros servicios, debe crear una cuenta en nuestro sitio web. Usted es responsable de mantener la confidencialidad de la informaci\u00f3n de su cuenta, incluidos su nombre de usuario y contrase\u00f1a. Se compromete a notificarnos inmediatamente cualquier uso no autorizado de su cuenta.<\/div>\n<div><\/div>\n<div><strong>Reservas<\/strong><\/div>\n<div>Puede reservar un taxi a trav\u00e9s de nuestro sitio web indicando el lugar, la hora y la fecha en que desea que le recojamos y le dejemos. Debe proporcionar informaci\u00f3n precisa y completa al hacer una reserva. Podemos cancelar su reserva si determinamos que su informaci\u00f3n es inexacta o incompleta.<\/div>\n<div><\/div>\n<div><strong>Pago<\/strong><\/div>\n<div>Debe pagar el servicio de taxi en el momento de la reserva. Aceptamos pagos con tarjeta de cr\u00e9dito y d\u00e9bito. Debe proporcionar informaci\u00f3n de pago precisa y completa al hacer una reserva. Podemos cancelar su reserva si no podemos procesar su pago.<\/div>\n<div>Cancelaci\u00f3n y reembolso<\/div>\n<div>Puede cancelar su reserva hasta 24 horas antes de la hora de recogida. Le reembolsaremos el pago si cancela dentro de este plazo. Si cancela con menos de 24 horas de antelaci\u00f3n a la hora de recogida, podemos cobrarle una tasa de cancelaci\u00f3n. Tambi\u00e9n podemos cobrar una tasa de cancelaci\u00f3n si no se presenta a su reserva.<\/div>\n<div>Propiedad intelectual<\/div>\n<div>El Sitio Web y todo su contenido, caracter\u00edsticas y funcionalidad (incluyendo, entre otros, toda la informaci\u00f3n, software, texto, pantallas, im\u00e1genes, v\u00eddeo y audio, as\u00ed como el dise\u00f1o, selecci\u00f3n y disposici\u00f3n de los mismos), son propiedad nuestra, de nuestros licenciantes o de otros proveedores de dicho material y est\u00e1n protegidos por las leyes internacionales y del Reino Unido sobre derechos de autor, marcas registradas, patentes, secretos comerciales y otros derechos de propiedad intelectual o de propiedad.<\/div>\n<div>Exclusi\u00f3n de garant\u00edas<\/div>\n<div>No garantizamos que el Sitio Web o nuestros servicios sean ininterrumpidos o est\u00e9n libres de errores. Proporcionamos nuestros servicios \"tal cual\" y \"seg\u00fan disponibilidad\", sin garant\u00edas de ning\u00fan tipo.<\/div>\n<div>Limitaci\u00f3n de responsabilidad<\/div>\n<div>En ning\u00fan caso seremos responsables de ning\u00fan da\u00f1o indirecto, incidental, especial, punitivo o consecuente que surja de o en conexi\u00f3n con su uso del Sitio Web o nuestros servicios, incluyendo pero no limitado a la p\u00e9rdida de beneficios, p\u00e9rdida de datos o interrupci\u00f3n del negocio.<\/div>\n<div><\/div>\n<div><strong>Indemnizaci\u00f3n<\/strong><\/div>\n<div>Usted acepta indemnizarnos y eximirnos a nosotros y a nuestras filiales, directivos, agentes y empleados de cualquier reclamaci\u00f3n o demanda, incluidos los honorarios razonables de abogados, interpuesta por cualquier tercero debido al incumplimiento por su parte del presente Acuerdo o a la infracci\u00f3n por su parte de cualquier ley o de los derechos de un tercero.<\/div>\n<div><\/div>\n<div><strong>Terminaci\u00f3n<\/strong><\/div>\n<div>Podemos cancelar su cuenta y su acceso al Sitio Web en cualquier momento, por cualquier motivo o sin motivo alguno, sin previo aviso ni responsabilidad hacia usted.<\/div>\n<div>Ley aplicable y jurisdicci\u00f3n<\/div>\n<div>El presente Acuerdo se regir\u00e1 e interpretar\u00e1 de conformidad con las leyes del Reino Unido, sin dar efecto a ning\u00fan principio de conflicto de leyes. Cualquier demanda, acci\u00f3n o procedimiento legal que surja de o est\u00e9 relacionado con el presente Acuerdo o el Sitio Web se iniciar\u00e1 exclusivamente en los tribunales del Reino Unido.<\/div>\n<div><\/div>\n<div><strong>Modificaciones del presente Acuerdo<\/strong><\/div>\n<div>Podemos modificar este Acuerdo en cualquier momento, y la versi\u00f3n revisada entrar\u00e1 en vigor cuando se publique en el Sitio Web. Le recomendamos que revise este Acuerdo peri\u00f3dicamente.<\/div>\n<div><\/div>\n<div><strong>P\u00f3ngase en contacto con nosotros<\/strong><\/div>\n<div>Si tiene alguna pregunta o duda sobre este Acuerdo o nuestros servicios, p\u00f3ngase en contacto con nosotros en info@taxi-charleroi-airport.com.<\/div>\n<div>Fecha de entrada en vigor<\/div>\n<div>Este Acuerdo se actualiz\u00f3 por \u00faltima vez el 20 de marzo de 2024.<\/div>\n<\/div>\n\n\t\t<\/div> \n\t<\/div> <\/div><\/div><\/div><\/div><\/div><\/div>","protected":false},"excerpt":{"rendered":"Complete su destino en el siguiente formulario para obtener un presupuesto. Si le conviene, puede confirmar la reserva. Las presentes Condiciones Generales (\"Condiciones Generales\") regulan el uso del sitio web taxi-charleroi-airport.com (\"Sitio Web\"). Al acceder o utilizar el Sitio Web, acepta quedar vinculado por...","protected":false},"author":2,"featured_media":0,"parent":0,"menu_order":2,"comment_status":"closed","ping_status":"closed","template":"full_width.php","meta":{"footnotes":""},"class_list":["post-16555","page","type-page","status-publish","hentry"],"_links":{"self":[{"href":"https:\/\/www.taxi-charleroi-airport.com\/es\/wp-json\/wp\/v2\/pages\/16555","targetHints":{"allow":["GET"]}}],"collection":[{"href":"https:\/\/www.taxi-charleroi-airport.com\/es\/wp-json\/wp\/v2\/pages"}],"about":[{"href":"https:\/\/www.taxi-charleroi-airport.com\/es\/wp-json\/wp\/v2\/types\/page"}],"author":[{"embeddable":true,"href":"https:\/\/www.taxi-charleroi-airport.com\/es\/wp-json\/wp\/v2\/users\/2"}],"replies":[{"embeddable":true,"href":"https:\/\/www.taxi-charleroi-airport.com\/es\/wp-json\/wp\/v2\/comments?post=16555"}],"version-history":[{"count":4,"href":"https:\/\/www.taxi-charleroi-airport.com\/es\/wp-json\/wp\/v2\/pages\/16555\/revisions"}],"predecessor-version":[{"id":16560,"href":"https:\/\/www.taxi-charleroi-airport.com\/es\/wp-json\/wp\/v2\/pages\/16555\/revisions\/16560"}],"wp:attachment":[{"href":"https:\/\/www.taxi-charleroi-airport.com\/es\/wp-json\/wp\/v2\/media?parent=16555"}],"curies":[{"name":"wp","href":"https:\/\/api.w.org\/{rel}","templated":true}]}}