{"id":16555,"date":"2024-03-18T13:13:49","date_gmt":"2024-03-18T13:13:49","guid":{"rendered":"https:\/\/www.taxi-charleroi-airport.com\/?page_id=16555"},"modified":"2024-03-18T13:17:09","modified_gmt":"2024-03-18T13:17:09","slug":"terms-conditions","status":"publish","type":"page","link":"https:\/\/www.taxi-charleroi-airport.com\/fr\/conditions-generales\/","title":{"rendered":"Conditions g\u00e9n\u00e9rales d'utilisation"},"content":{"rendered":"<div      class=\"vc_row wpb_row section vc_row-fluid  grid_section\" style=' text-align:left;'><div class=\"section_inner clearfix\"><div class='section_inner_margin clearfix'><div class=\"wpb_column vc_column_container vc_col-sm-6\"><div class=\"vc_column-inner\"><div class=\"wpb_wrapper\">\t<div class=\"vc_empty_space\"  style=\"height: 32px\" ><span\n\t\t\tclass=\"vc_empty_space_inner\">\n\t\t\t<span class=\"empty_space_image\"  ><\/span>\n\t\t<\/span><\/div>\n\n\n\t<div class=\"wpb_text_column wpb_content_element\">\n\t\t<div class=\"wpb_wrapper\">\n\t\t\t<p style=\"text-align: center;\">Compl\u00e9tez votre destination dans le formulaire ci-dessous pour obtenir un devis. Si cela vous convient, vous pouvez confirmer la r\u00e9servation.<\/p>\n<p><iframe loading=\"lazy\" src=\"https:\/\/app.farebookings.com\/step1ssl.php?k=73b562994cdd22a99d3afbdd544e6298&amp;s=f&amp;d=pp&amp;lng=gb\" width=\"100%\" height=\"1500px\" frameborder=\"0\" scrolling=\"no\"><\/iframe><\/p>\n\n\t\t<\/div> \n\t<\/div> <\/div><\/div><\/div><div class=\"wpb_column vc_column_container vc_col-sm-6\"><div class=\"vc_column-inner\"><div class=\"wpb_wrapper\">\t<div class=\"vc_empty_space\"  style=\"height: 32px\" ><span\n\t\t\tclass=\"vc_empty_space_inner\">\n\t\t\t<span class=\"empty_space_image\"  ><\/span>\n\t\t<\/span><\/div>\n\n\n\t<div class=\"wpb_text_column wpb_content_element\">\n\t\t<div class=\"wpb_wrapper\">\n\t\t\t<div>\n<div>Les pr\u00e9sentes conditions g\u00e9n\u00e9rales (\"Contrat\") r\u00e9gissent votre utilisation du site web taxi-charleroi-airport.com (\"Site web\"). En acc\u00e9dant au site web ou en l'utilisant, vous acceptez d'\u00eatre li\u00e9 par le pr\u00e9sent accord. Si vous n'acceptez pas cet accord, vous ne pouvez pas acc\u00e9der au site web ou l'utiliser.<\/div>\n<div><\/div>\n<div><strong>Services<\/strong><\/div>\n<div>Nous fournissons des services de r\u00e9servation de taxis par l'interm\u00e9diaire de notre site web. Vous pouvez utiliser nos services pour r\u00e9server un taxi pour vous-m\u00eame ou pour une autre personne.<\/div>\n<div><\/div>\n<div><strong>Compte d'utilisateur<\/strong><\/div>\n<div>Pour utiliser nos services, vous devez cr\u00e9er un compte sur notre site web. Vous \u00eates responsable du maintien de la confidentialit\u00e9 des informations relatives \u00e0 votre compte, y compris votre nom d'utilisateur et votre mot de passe. Vous acceptez de nous informer imm\u00e9diatement de toute utilisation non autoris\u00e9e de votre compte.<\/div>\n<div><\/div>\n<div><strong>R\u00e9servation<\/strong><\/div>\n<div>Vous pouvez r\u00e9server un taxi par l'interm\u00e9diaire de notre site web en indiquant le lieu, l'heure et la date de la prise en charge et de la d\u00e9pose. Vous devez fournir des informations exactes et compl\u00e8tes lorsque vous effectuez une r\u00e9servation. Nous pouvons annuler votre r\u00e9servation si nous constatons que vos informations sont inexactes ou incompl\u00e8tes.<\/div>\n<div><\/div>\n<div><strong>Paiement<\/strong><\/div>\n<div>Vous devez payer le service de taxi au moment de la r\u00e9servation. Nous acceptons les paiements par carte de cr\u00e9dit et de d\u00e9bit. Vous devez fournir des informations de paiement exactes et compl\u00e8tes lorsque vous effectuez une r\u00e9servation. Nous pouvons annuler votre r\u00e9servation si nous ne sommes pas en mesure de traiter votre paiement.<\/div>\n<div>Annulation et remboursement<\/div>\n<div>Vous pouvez annuler votre r\u00e9servation jusqu'\u00e0 24 heures avant l'heure de prise en charge. Nous vous rembourserons votre paiement si vous annulez dans ce d\u00e9lai. Si vous annulez moins de 24 heures avant l'heure de prise en charge, nous pouvons facturer des frais d'annulation. Nous pouvons \u00e9galement facturer des frais d'annulation si vous ne vous pr\u00e9sentez pas \u00e0 votre r\u00e9servation.<\/div>\n<div>Propri\u00e9t\u00e9 intellectuelle<\/div>\n<div>Le site web et l'ensemble de son contenu, de ses caract\u00e9ristiques et de ses fonctionnalit\u00e9s (y compris, mais sans s'y limiter, toutes les informations, les logiciels, les textes, les affichages, les images, les vid\u00e9os et les sons, ainsi que leur conception, leur s\u00e9lection et leur disposition) nous appartiennent, appartiennent \u00e0 nos conc\u00e9dants de licence ou \u00e0 d'autres fournisseurs de ce mat\u00e9riel et sont prot\u00e9g\u00e9s par les lois britanniques et internationales sur les droits d'auteur, les marques, les brevets, les secrets commerciaux et d'autres lois sur la propri\u00e9t\u00e9 intellectuelle ou les droits de propri\u00e9t\u00e9.<\/div>\n<div>Exclusion de garantie<\/div>\n<div>Nous ne garantissons pas que le site web ou nos services seront ininterrompus ou exempts d'erreurs. Nous fournissons nos services \"en l'\u00e9tat\" et \"en fonction des disponibilit\u00e9s\", sans aucune garantie d'aucune sorte.<\/div>\n<div>Limitation de la responsabilit\u00e9<\/div>\n<div>Nous ne pouvons en aucun cas \u00eatre tenus responsables des dommages indirects, accessoires, sp\u00e9ciaux, punitifs ou cons\u00e9cutifs r\u00e9sultant de votre utilisation du site web ou de nos services, y compris, mais sans s'y limiter, les pertes de profits, de donn\u00e9es ou les interruptions d'activit\u00e9.<\/div>\n<div><\/div>\n<div><strong>Indemnisation<\/strong><\/div>\n<div>Vous acceptez de nous indemniser et de nous tenir, ainsi que nos affili\u00e9s, dirigeants, agents et employ\u00e9s, \u00e0 l'\u00e9cart de toute r\u00e9clamation ou demande, y compris les frais d'avocat raisonnables, \u00e9manant d'un tiers et r\u00e9sultant de votre violation du pr\u00e9sent accord ou de votre violation d'une loi ou des droits d'un tiers.<\/div>\n<div><\/div>\n<div><strong>Cessation d'activit\u00e9<\/strong><\/div>\n<div>Nous pouvons r\u00e9silier votre compte et votre acc\u00e8s au site web \u00e0 tout moment, pour quelque raison que ce soit ou sans raison, sans pr\u00e9avis ni responsabilit\u00e9 \u00e0 votre \u00e9gard.<\/div>\n<div>Droit applicable et juridiction<\/div>\n<div>Le pr\u00e9sent accord est r\u00e9gi et interpr\u00e9t\u00e9 conform\u00e9ment aux lois du Royaume-Uni, sans donner effet \u00e0 aucun principe de conflit de lois. Tout proc\u00e8s, action ou proc\u00e9dure d\u00e9coulant du pr\u00e9sent accord ou du site web, ou s'y rapportant, doit \u00eatre intent\u00e9 exclusivement devant les tribunaux du Royaume-Uni.<\/div>\n<div><\/div>\n<div><strong>Modifications du pr\u00e9sent accord<\/strong><\/div>\n<div>Nous pouvons modifier le pr\u00e9sent accord \u00e0 tout moment, et la version r\u00e9vis\u00e9e entrera en vigueur lorsqu'elle sera publi\u00e9e sur le site web. Nous vous encourageons \u00e0 consulter r\u00e9guli\u00e8rement le pr\u00e9sent accord.<\/div>\n<div><\/div>\n<div><strong>Nous contacter<\/strong><\/div>\n<div>Si vous avez des questions ou des pr\u00e9occupations concernant le pr\u00e9sent accord ou nos services, veuillez nous contacter \u00e0 l'adresse suivante : info@taxi-charleroi-airport.com<\/div>\n<div>Date d'entr\u00e9e en vigueur<\/div>\n<div>Le pr\u00e9sent accord a \u00e9t\u00e9 mis \u00e0 jour pour la derni\u00e8re fois le 20 mars 2024.<\/div>\n<\/div>\n\n\t\t<\/div> \n\t<\/div> <\/div><\/div><\/div><\/div><\/div><\/div>","protected":false},"excerpt":{"rendered":"Compl\u00e9tez votre destination dans le formulaire ci-dessous pour obtenir un devis. Si cela vous convient, vous pouvez confirmer la r\u00e9servation. Les pr\u00e9sentes conditions g\u00e9n\u00e9rales (\"Contrat\") r\u00e9gissent votre utilisation du site web taxi-charleroi-airport.com (\"Site web\"). En acc\u00e9dant au site Web ou en l'utilisant, vous acceptez d'\u00eatre li\u00e9 par...","protected":false},"author":2,"featured_media":0,"parent":0,"menu_order":2,"comment_status":"closed","ping_status":"closed","template":"full_width.php","meta":{"footnotes":""},"class_list":["post-16555","page","type-page","status-publish","hentry"],"_links":{"self":[{"href":"https:\/\/www.taxi-charleroi-airport.com\/fr\/wp-json\/wp\/v2\/pages\/16555","targetHints":{"allow":["GET"]}}],"collection":[{"href":"https:\/\/www.taxi-charleroi-airport.com\/fr\/wp-json\/wp\/v2\/pages"}],"about":[{"href":"https:\/\/www.taxi-charleroi-airport.com\/fr\/wp-json\/wp\/v2\/types\/page"}],"author":[{"embeddable":true,"href":"https:\/\/www.taxi-charleroi-airport.com\/fr\/wp-json\/wp\/v2\/users\/2"}],"replies":[{"embeddable":true,"href":"https:\/\/www.taxi-charleroi-airport.com\/fr\/wp-json\/wp\/v2\/comments?post=16555"}],"version-history":[{"count":4,"href":"https:\/\/www.taxi-charleroi-airport.com\/fr\/wp-json\/wp\/v2\/pages\/16555\/revisions"}],"predecessor-version":[{"id":16560,"href":"https:\/\/www.taxi-charleroi-airport.com\/fr\/wp-json\/wp\/v2\/pages\/16555\/revisions\/16560"}],"wp:attachment":[{"href":"https:\/\/www.taxi-charleroi-airport.com\/fr\/wp-json\/wp\/v2\/media?parent=16555"}],"curies":[{"name":"wp","href":"https:\/\/api.w.org\/{rel}","templated":true}]}}