{"id":16395,"date":"2023-08-12T14:22:48","date_gmt":"2023-08-12T14:22:48","guid":{"rendered":"https:\/\/taxi-charleroi-airport.com\/?page_id=16395"},"modified":"2024-03-18T13:18:49","modified_gmt":"2024-03-18T13:18:49","slug":"privacy-policy","status":"publish","type":"page","link":"https:\/\/www.taxi-charleroi-airport.com\/it\/informativa-sulla-privacy\/","title":{"rendered":"Informativa sulla privacy"},"content":{"rendered":"<div      class=\"vc_row wpb_row section vc_row-fluid\" style=' text-align:left;'><div class=\"full_section_inner clearfix\"><div class=\"wpb_column vc_column_container vc_col-sm-6\"><div class=\"vc_column-inner\"><div class=\"wpb_wrapper\">\t<div class=\"vc_empty_space\"  style=\"height: 32px\" ><span\n\t\t\tclass=\"vc_empty_space_inner\">\n\t\t\t<span class=\"empty_space_image\"  ><\/span>\n\t\t<\/span><\/div>\n\n\n\t<div class=\"wpb_text_column wpb_content_element\">\n\t\t<div class=\"wpb_wrapper\">\n\t\t\t<p style=\"text-align: center;\">Completate la vostra destinazione nel modulo sottostante per ottenere un preventivo. Se vi va bene, potete confermare la prenotazione.<\/p>\n<p><iframe loading=\"lazy\" src=\"https:\/\/app.farebookings.com\/step1ssl.php?k=73b562994cdd22a99d3afbdd544e6298&amp;s=f&amp;d=pp&amp;lng=gb\" width=\"100%\" height=\"1500px\" frameborder=\"0\" scrolling=\"no\"><\/iframe><\/p>\n\n\t\t<\/div> \n\t<\/div> <\/div><\/div><\/div><div class=\"wpb_column vc_column_container vc_col-sm-6\"><div class=\"vc_column-inner\"><div class=\"wpb_wrapper\">\t<div class=\"vc_empty_space\"  style=\"height: 32px\" ><span\n\t\t\tclass=\"vc_empty_space_inner\">\n\t\t\t<span class=\"empty_space_image\"  ><\/span>\n\t\t<\/span><\/div>\n\n\n\t<div class=\"wpb_text_column wpb_content_element\">\n\t\t<div class=\"wpb_wrapper\">\n\t\t\t<p style=\"text-align: justify;\">Il nostro sito rispetta la vostra privacy e cerca di proteggere i vostri dati personali.<\/p>\n<p style=\"text-align: justify;\">L'informativa sulla privacy spiega come raccogliamo e utilizziamo i vostri dati personali (in determinate circostanze). Inoltre, ricorda le procedure utilizzate per garantire la riservatezza delle vostre informazioni. Infine, questa politica determina le vostre opzioni in merito alla raccolta, all'uso e alla divulgazione dei dati personali. Visitando il sito direttamente o attraverso un altro sito web, accettate le pratiche descritte in questa politica.<\/p>\n<p style=\"text-align: justify;\">La protezione dei vostri dati \u00e8 molto importante per noi. Pertanto, il vostro nome e le altre informazioni che vi riguardano vengono utilizzate in conformit\u00e0 con i termini indicati nell'informativa sulla privacy. Raccoglieremo informazioni se necessarie o se sono direttamente collegate al nostro rapporto con voi.<\/p>\n<p style=\"text-align: justify;\">Conserveremo i vostri dati come richiesto dalla legge o li utilizzeremo per gli scopi per cui sono stati raccolti.<\/p>\n<p style=\"text-align: justify;\">\u00c8 possibile navigare sul sito senza dover fornire alcun dato personale. La vostra identit\u00e0 personale rimane anonima per tutta la durata della visita al sito e non viene esposta, a meno che non abbiate un account online speciale sul sito, al quale accedete con un nome utente e una password.<\/p>\n<p style=\"text-align: justify;\"><strong>1- I dati raccolti:<\/strong><\/p>\n<p style=\"text-align: justify;\">Potremmo aver bisogno di raccogliere le vostre informazioni se desiderate effettuare un ordine per un prodotto sul nostro sito.<\/p>\n<p style=\"text-align: justify;\">Raccogliamo, memorizziamo ed elaboriamo i vostri dati necessari per proseguire il vostro acquisto sul nostro sito, al fine di garantire eventuali richieste che potrebbero sorgere in seguito, e per fornirvi i servizi a nostra disposizione. Possiamo raccogliere dati personali quali, a titolo esemplificativo e non esaustivo, nome, sesso, data di nascita, indirizzo e-mail, indirizzo postale, indirizzo di spedizione (se diverso), numero di telefono, dati di pagamento e dati della carta di pagamento.<\/p>\n<p style=\"text-align: justify;\">Le informazioni fornite dall'utente vengono utilizzate per consentire l'elaborazione delle sue richieste e per fornirgli i servizi e le informazioni visualizzati sul nostro sito e da lui richiesti. Inoltre, utilizzeremo le informazioni fornite per amministrare il vostro account con noi, per verificare le vostre transazioni finanziarie su Internet, per controllare il download di dati dal Sito, per identificare i visitatori del Sito, per sviluppare il design delle pagine e\/o i contenuti del Sito e per assegnarli agli Utenti. Effettuiamo numerose ricerche demografiche e inviamo all'utente informazioni utili o richieste, ad esempio informazioni su prodotti e servizi, nel caso in cui l'utente non si opponga a essere contattato in merito. Comunichiamo via e-mail per fornire all'utente dettagli su altri prodotti e servizi, se lo desidera; se preferisce non ricevere comunicazioni promozionali e di marketing, pu\u00f2 rinunciare a questa opzione in qualsiasi momento.<\/p>\n<p style=\"text-align: justify;\">Potremmo comunicare il vostro nome e indirizzo a terzi al fine di consegnarvi il vostro ordine di acquisto (ad es. agente di consegna o fornitore).<\/p>\n<p style=\"text-align: justify;\">Possiamo memorizzare i dettagli dell'ordine in corso sul nostro sito, ma non possiamo recuperarli direttamente per motivi di sicurezza. Accedendo al vostro account sul Sito, potrete visualizzare le informazioni e i dettagli degli acquisti che avete richiesto o che invierete a breve. \u00c8 inoltre possibile gestire i dati relativi al proprio indirizzo. L'utente deve inoltre impegnarsi a rispettare la massima riservatezza quando accede ai propri dati personali, quindi a non renderli disponibili a terzi non autorizzati. Non ci assumiamo alcuna responsabilit\u00e0 per l'uso improprio delle password, a meno che tale uso improprio non sia causato da un nostro errore.<\/p>\n<p style=\"text-align: justify;\">Altri usi dei vostri dati personali<\/p>\n<p style=\"text-align: justify;\">Possiamo utilizzare i vostri dati personali in sondaggi d'opinione e studi di marketing, a vostra discrezione, per scopi statistici, garantendone la completa riservatezza, e avete il diritto di ritirarli in qualsiasi momento. Non inviamo le risposte a terzi. Il vostro indirizzo e-mail viene divulgato solo se desiderate partecipare al concorso. Le risposte al sondaggio vengono tenute completamente separate dalla vostra e-mail privata.<\/p>\n<p style=\"text-align: justify;\">Possiamo inviare informazioni su di noi, o sul Sito o su altri nostri siti, o sui nostri prodotti, sulle vendite, sulle offerte, sulle vendite, sulle newsletter e su altre questioni correlate ai nostri gruppi affiliati o partner. Se non desiderate ricevere queste informazioni aggiuntive (o parte di esse), cliccate sul link \"annulla l'iscrizione\" presente in ogni e-mail che vi viene inviata, e noi smetteremo di inviarvi queste informazioni entro sette giorni lavorativi (tutti i giorni tranne il luned\u00ec).<\/p>\n<p style=\"text-align: justify;\">Sabato, domenica e festivit\u00e0 nazionali e religiose) per ricevere la notifica. Vi contatteremo per chiedere informazioni mentre non sono chiare.<\/p>\n<p style=\"text-align: justify;\">Possiamo utilizzare alcuni dati, pur mantenendo la privacy e la riservatezza del sito, per altri scopi, tra cui verificare dove si trovano gli utenti e dopo che hanno visitato il sito o i link nelle e-mail mentre si iscrivono per riceverle, e per fornire tali dati in forma anonima, il che non consente l'identificazione della vostra identit\u00e0 personale. reale, a terzi, ad esempio agli editori. Tuttavia, questi dati non vi identificheranno (perch\u00e9 non sono identificabili personalmente).<\/p>\n<p style=\"text-align: justify;\">Concorsi<\/p>\n<p style=\"text-align: justify;\">Nell'ambito di ogni concorso, utilizziamo i dati per notificare i vincitori e annunciare le nostre offerte. Potete trovare maggiori dettagli sulle condizioni di partecipazione a ciascun concorso separatamente.<\/p>\n<p style=\"text-align: justify;\">Terze parti e link a siti web<\/p>\n<p style=\"text-align: justify;\">Potremmo trasferire i vostri dati ad altre societ\u00e0 del nostro gruppo o ai nostri agenti e appaltatori per assisterci nelle transazioni correlate in conformit\u00e0 con i termini della presente Informativa sulla privacy. Ad esempio, potremmo affidarci a terzi per aiutarci a consegnarvi i prodotti, ricevere i vostri pagamenti e utilizzarli per scopi statistici o di ricerca di marketing o per assistere il nostro servizio clienti. Potremmo aver bisogno di scambiare informazioni con una terza parte per proteggerci dalle frodi e ridurre il rischio di credito. In caso di vendita della nostra attivit\u00e0 o di parte di essa, potremmo dover trasferire i nostri database contenenti i vostri dati personali. Al di fuori di quanto stabilito nella presente Informativa sulla privacy, non venderemo i vostri dati personali n\u00e9 li divulgheremo a terzi senza aver ottenuto la vostra preventiva approvazione, a meno che ci\u00f2 non sia necessario per gli scopi indicati nella presente Informativa sulla privacy o ci venga richiesto dalla legge. Il sito pu\u00f2 contenere pubblicit\u00e0 di terzi o link ad altri siti web o frame di altri siti. Vi informiamo che non siamo responsabili della politica sulla privacy di terzi o del contenuto di tali politiche applicate in altri siti, n\u00e9 siamo responsabili dei terzi a cui trasferiamo i vostri dati in conformit\u00e0 con la politica sulla privacy.<\/p>\n<p style=\"text-align: justify;\"><strong>2 - TORTE<\/strong><\/p>\n<p style=\"text-align: justify;\">L'accettazione dei cookie non \u00e8 un prerequisito per visitare il sito. Tuttavia, si segnala che le funzioni di \"carrello\" del sito non possono essere utilizzate e richieste per qualsiasi scopo senza l'attivazione dei cookie. I cookie sono piccoli file di testo che consentono al nostro server di identificare il vostro computer come utente unico quando visitate determinate pagine del sito. Il browser memorizza questi file sul disco rigido del computer. I cookie possono essere utilizzati per scoprire un indirizzo IP (Internet Protocol), risparmiando tempo quando si \u00e8 sul sito o si desidera visitarlo. Utilizziamo i cookie per garantire il vostro comfort durante la navigazione del sito (ad esempio, per ricordare la vostra identit\u00e0 quando volete modificare il vostro carrello senza dover inserire nuovamente il vostro indirizzo e-mail) e non per ottenere o utilizzare altre informazioni su di voi (ad esempio per scopi di marketing mirato). Potete configurare il vostro browser in modo da non accettare i cookie, ma questo limiter\u00e0 il vostro utilizzo del sito. Ci auguriamo che il nostro utilizzo dei cookie non contenga informazioni personali o private e sia privo di virus. Questo sito web utilizza Google Analytics, un servizio fornito da Google per analizzare le pagine web. Per analizzare l'utilizzo del sito da parte degli utenti, Google Analytics utilizza dei cookie, ovvero dei file di testo che vengono depositati sul vostro computer. Google trasmetter\u00e0 le informazioni generate dal cookie sull'utilizzo di questo sito web da parte dell'utente (compreso il suo indirizzo IP) a un server negli Stati Uniti, dove verranno memorizzate. Google utilizzer\u00e0 queste informazioni per valutare il vostro utilizzo del sito web, per redigere rapporti sulle attivit\u00e0 del sito web per gli operatori del sito web e per fornire altri servizi relativi alle attivit\u00e0 del sito web e all'utilizzo di Internet. Google pu\u00f2 anche trasferire queste informazioni a terzi, se richiesto dalla legge o se un terzo elabora le informazioni per conto di Google. Google non assocer\u00e0 il vostro indirizzo IP a nessun altro dato in suo possesso. Potete rifiutarvi di usare i cookie selezionando l'impostazione appropriata sul vostro browser; tuttavia, potreste non essere in grado di utilizzare tutte le funzionalit\u00e0 del sito. Utilizzando questo sito, l'utente accetta che Google<\/p>\n<p style=\"text-align: justify;\">utilizza i vostri dati come descritto e per le finalit\u00e0 sopra descritte.<\/p>\n<p style=\"text-align: justify;\"><strong>3- Sicurezza<\/strong><\/p>\n<p style=\"text-align: justify;\">Utilizziamo tecniche e procedure di sicurezza adeguate per impedire l'accesso non autorizzato o illegale alle vostre informazioni o la loro perdita o distruzione. Quando raccogliamo dati attraverso il sito web, memorizziamo le vostre informazioni personali in un database all'interno di un server online sicuro. Utilizziamo sistemi firewall sui nostri server. Quando raccogliamo elettronicamente i dati delle carte di pagamento, li proteggiamo utilizzando la crittografia, come il Secure Sockets Layer (SSL). \u00c8 quindi difficile per qualsiasi hacker decifrare le informazioni, perch\u00e9 non possiamo garantire una protezione 100%. Sconsigliamo vivamente di inviare tutti i dati della carta di credito o di debito quando si comunica con noi per via elettronica e senza crittografia. Nel processo di raccolta, archiviazione e divulgazione delle informazioni dell'utente mettiamo in atto misure di sicurezza fisiche, elettroniche e procedurali. Le nostre procedure di sicurezza prevedono che a volte vi chiediamo di verificare la vostra identit\u00e0 prima di divulgare le vostre informazioni personali. \u00c8 responsabilit\u00e0 dell'utente proteggere la propria password e il proprio computer dall'uso non autorizzato.<\/p>\n<p style=\"text-align: justify;\"><strong>4 - Diritti del cliente<\/strong><\/p>\n<p style=\"text-align: justify;\">Nel caso in cui siate preoccupati per i vostri dati, avete il diritto di richiedere l'accesso ai dati personali in nostro possesso o che ci sono stati precedentemente forniti. Avete il diritto di chiederci di correggere eventuali errori nei vostri dati personali, e ci\u00f2 avviene gratuitamente. Avete inoltre il diritto di chiederci, in qualsiasi momento, di non utilizzare pi\u00f9 i vostri dati personali per scopi di marketing diretto.<\/p>\n\n\t\t<\/div> \n\t<\/div> <\/div><\/div><\/div><\/div><\/div>","protected":false},"excerpt":{"rendered":"Completate la vostra destinazione nel modulo sottostante per ottenere un preventivo. Se lo ritenete opportuno, potete confermare la prenotazione. Il nostro sito rispetta la vostra privacy e cerca di proteggere i vostri dati personali. L'informativa sulla privacy spiega come raccogliamo e utilizziamo i vostri dati personali (in...","protected":false},"author":2,"featured_media":0,"parent":0,"menu_order":90,"comment_status":"closed","ping_status":"closed","template":"","meta":{"footnotes":""},"class_list":["post-16395","page","type-page","status-publish","hentry"],"_links":{"self":[{"href":"https:\/\/www.taxi-charleroi-airport.com\/it\/wp-json\/wp\/v2\/pages\/16395","targetHints":{"allow":["GET"]}}],"collection":[{"href":"https:\/\/www.taxi-charleroi-airport.com\/it\/wp-json\/wp\/v2\/pages"}],"about":[{"href":"https:\/\/www.taxi-charleroi-airport.com\/it\/wp-json\/wp\/v2\/types\/page"}],"author":[{"embeddable":true,"href":"https:\/\/www.taxi-charleroi-airport.com\/it\/wp-json\/wp\/v2\/users\/2"}],"replies":[{"embeddable":true,"href":"https:\/\/www.taxi-charleroi-airport.com\/it\/wp-json\/wp\/v2\/comments?post=16395"}],"version-history":[{"count":4,"href":"https:\/\/www.taxi-charleroi-airport.com\/it\/wp-json\/wp\/v2\/pages\/16395\/revisions"}],"predecessor-version":[{"id":16563,"href":"https:\/\/www.taxi-charleroi-airport.com\/it\/wp-json\/wp\/v2\/pages\/16395\/revisions\/16563"}],"wp:attachment":[{"href":"https:\/\/www.taxi-charleroi-airport.com\/it\/wp-json\/wp\/v2\/media?parent=16395"}],"curies":[{"name":"wp","href":"https:\/\/api.w.org\/{rel}","templated":true}]}}